{"id":855,"date":"2025-04-10T12:22:31","date_gmt":"2025-04-10T12:22:31","guid":{"rendered":"https:\/\/steelblue-whale-681963.hostingersite.com\/?page_id=855"},"modified":"2026-02-03T14:24:55","modified_gmt":"2026-02-03T14:24:55","slug":"oficial","status":"publish","type":"page","link":"https:\/\/shinagawaprodu\u00e7\u00f5es.com.br\/","title":{"rendered":"Oficial"},"content":{"rendered":"<p><img fetchpriority=\"high\" decoding=\"async\" width=\"800\" height=\"578\" src=\"https:\/\/shinagawaprodu\u00e7\u00f5es.com.br\/wp-content\/uploads\/2025\/03\/black_icon_transparent_background-1024x740.png\" alt=\"\" srcset=\"https:\/\/shinagawaprodu\u00e7\u00f5es.com.br\/wp-content\/uploads\/2025\/03\/black_icon_transparent_background-1024x740.png 1024w, https:\/\/shinagawaprodu\u00e7\u00f5es.com.br\/wp-content\/uploads\/2025\/03\/black_icon_transparent_background-600x434.png 600w, https:\/\/shinagawaprodu\u00e7\u00f5es.com.br\/wp-content\/uploads\/2025\/03\/black_icon_transparent_background-300x217.png 300w, https:\/\/shinagawaprodu\u00e7\u00f5es.com.br\/wp-content\/uploads\/2025\/03\/black_icon_transparent_background-768x555.png 768w, https:\/\/shinagawaprodu\u00e7\u00f5es.com.br\/wp-content\/uploads\/2025\/03\/black_icon_transparent_background.png 1200w\" sizes=\"(max-width: 800px) 100vw, 800px\" \/>\t\t\t\t\t\t\t\t\t\t\t\t\t\t\t<\/p>\n<h2>Capture. <b>Crie<\/b>. Inspire. <b>Eternize<\/b>.<\/h2>\n<h2>Sua <b>PRODUTORA<\/b> de Audiovisual.<\/h2>\n<p>H\u00e1 mais de <b>uma d\u00e9cada<\/b> atuando em diferentes setores da produ\u00e7\u00e3o <b>audiovisual.<\/b> Mais de <b>50 eventos<\/b> por ano. Exposi\u00e7\u00f5es internacionais, institucionais, setores p\u00fablicos e privados, casamentos, anivers\u00e1rios e ensaios profissionais. <b>Nossa criatividade n\u00e3o tem limite.<\/b><\/p>\n<p>\t\t\t\t\t\t\t\t\t\t\t\t\t\t\t<img decoding=\"async\" width=\"800\" height=\"684\" src=\"https:\/\/shinagawaprodu\u00e7\u00f5es.com.br\/wp-content\/uploads\/2025\/03\/IMG_0393.gif\" alt=\"\" srcset=\"https:\/\/shinagawaprodu\u00e7\u00f5es.com.br\/wp-content\/uploads\/2025\/03\/IMG_0393.gif 1024w, https:\/\/shinagawaprodu\u00e7\u00f5es.com.br\/wp-content\/uploads\/2025\/03\/IMG_0393-600x513.gif 600w\" sizes=\"(max-width: 800px) 100vw, 800px\" \/>\t\t\t\t\t\t\t\t\t\t\t\t\t\t\t<\/p>\n<h2><b>PRO<\/b>DU\u00c7\u00d5ES<\/h2>\n<h2>APAIX<b>ONE-SE<\/b><\/h2>\n<p>\t\t<iframe title=\"Casamento - Gabriela e Octavio\" width=\"800\" height=\"450\" src=\"https:\/\/www.youtube.com\/embed\/i5QeeD_eeo8?feature=oembed\" frameborder=\"0\" allow=\"accelerometer; autoplay; clipboard-write; encrypted-media; gyroscope; picture-in-picture; web-share\" referrerpolicy=\"strict-origin-when-cross-origin\" allowfullscreen><\/iframe>\t\t<\/p>\n<h2><b>COME<\/b>MORE<\/h2>\n<p>\t\t<iframe title=\"Trailer - Nicole 15 anos\" width=\"800\" height=\"450\" src=\"https:\/\/www.youtube.com\/embed\/C-bTUmrfeMQ?feature=oembed\" frameborder=\"0\" allow=\"accelerometer; autoplay; clipboard-write; encrypted-media; gyroscope; picture-in-picture; web-share\" referrerpolicy=\"strict-origin-when-cross-origin\" allowfullscreen><\/iframe>\t\t<\/p>\n<h2>DIVUL<b>GUE<\/b><\/h2>\n<p>\t\t<iframe title=\"ABAV Expo 2023\" width=\"800\" height=\"450\" src=\"https:\/\/www.youtube.com\/embed\/PygzyDBLdy8?feature=oembed\" frameborder=\"0\" allow=\"accelerometer; autoplay; clipboard-write; encrypted-media; gyroscope; picture-in-picture; web-share\" referrerpolicy=\"strict-origin-when-cross-origin\" allowfullscreen><\/iframe>\t\t<\/p>\n<h2>QUER VER MAIS <b>?<\/b> <b>S\u00d3 CLICAR. <\/b><\/h2>\n<p>\t\t\t\t\t<a href=\"https:\/\/youtube.com\/@frogfilms5858?si=WdGo_GoCnHiFmWUw\" target=\"_blank\"><br \/>\n\t\t\t\t\t\tYoutube<br \/>\n\t\t\t\t\t\t<svg aria-hidden=\"true\" viewBox=\"0 0 576 512\" xmlns=\"http:\/\/www.w3.org\/2000\/svg\"><path d=\"M549.655 124.083c-6.281-23.65-24.787-42.276-48.284-48.597C458.781 64 288 64 288 64S117.22 64 74.629 75.486c-23.497 6.322-42.003 24.947-48.284 48.597-11.412 42.867-11.412 132.305-11.412 132.305s0 89.438 11.412 132.305c6.281 23.65 24.787 41.5 48.284 47.821C117.22 448 288 448 288 448s170.78 0 213.371-11.486c23.497-6.321 42.003-24.171 48.284-47.821 11.412-42.867 11.412-132.305 11.412-132.305s0-89.438-11.412-132.305zm-317.51 213.508V175.185l142.739 81.205-142.739 81.201z\"><\/path><\/svg>\t\t\t\t\t<\/a><br \/>\n\t\t\t\t\t<a href=\"https:\/\/www.instagram.com\/shinaprod?utm_source=ig_web_button_share_sheet&#038;igsh=ZDNlZDc0MzIxNw==\" target=\"_blank\"><br \/>\n\t\t\t\t\t\tInstagram<br \/>\n\t\t\t\t\t\t<svg aria-hidden=\"true\" viewBox=\"0 0 448 512\" xmlns=\"http:\/\/www.w3.org\/2000\/svg\"><path d=\"M224.1 141c-63.6 0-114.9 51.3-114.9 114.9s51.3 114.9 114.9 114.9S339 319.5 339 255.9 287.7 141 224.1 141zm0 189.6c-41.1 0-74.7-33.5-74.7-74.7s33.5-74.7 74.7-74.7 74.7 33.5 74.7 74.7-33.6 74.7-74.7 74.7zm146.4-194.3c0 14.9-12 26.8-26.8 26.8-14.9 0-26.8-12-26.8-26.8s12-26.8 26.8-26.8 26.8 12 26.8 26.8zm76.1 27.2c-1.7-35.9-9.9-67.7-36.2-93.9-26.2-26.2-58-34.4-93.9-36.2-37-2.1-147.9-2.1-184.9 0-35.8 1.7-67.6 9.9-93.9 36.1s-34.4 58-36.2 93.9c-2.1 37-2.1 147.9 0 184.9 1.7 35.9 9.9 67.7 36.2 93.9s58 34.4 93.9 36.2c37 2.1 147.9 2.1 184.9 0 35.9-1.7 67.7-9.9 93.9-36.2 26.2-26.2 34.4-58 36.2-93.9 2.1-37 2.1-147.8 0-184.8zM398.8 388c-7.8 19.6-22.9 34.7-42.6 42.6-29.5 11.7-99.5 9-132.1 9s-102.7 2.6-132.1-9c-19.6-7.8-34.7-22.9-42.6-42.6-11.7-29.5-9-99.5-9-132.1s-2.6-102.7 9-132.1c7.8-19.6 22.9-34.7 42.6-42.6 29.5-11.7 99.5-9 132.1-9s102.7-2.6 132.1 9c19.6 7.8 34.7 22.9 42.6 42.6 11.7 29.5 9 99.5 9 132.1s2.7 102.7-9 132.1z\"><\/path><\/svg>\t\t\t\t\t<\/a><\/p>\n<p>Filmmaker e editor, <b>l\u00edder da equipe<\/b> da <b>ShinaProd.<\/b> Com mais de dez anos de experi\u00eancia na produ\u00e7\u00e3o audiovisual, destaca-se pela <b>criatividade<\/b> e inova\u00e7\u00e3o. Sempre em busca de tecnologia e conhecimento, para transformar cada produ\u00e7\u00e3o em verdadeiros filmes.\u00a0<\/p>\n<p>\t\t\t\t\t\t\t\t\t\t\t\t\t\t\t<img decoding=\"async\" width=\"800\" height=\"922\" src=\"https:\/\/shinagawaprodu\u00e7\u00f5es.com.br\/wp-content\/uploads\/2025\/03\/IMG_0428.jpeg\" alt=\"\" srcset=\"https:\/\/shinagawaprodu\u00e7\u00f5es.com.br\/wp-content\/uploads\/2025\/03\/IMG_0428.jpeg 828w, https:\/\/shinagawaprodu\u00e7\u00f5es.com.br\/wp-content\/uploads\/2025\/03\/IMG_0428-600x691.jpeg 600w, https:\/\/shinagawaprodu\u00e7\u00f5es.com.br\/wp-content\/uploads\/2025\/03\/IMG_0428-260x300.jpeg 260w, https:\/\/shinagawaprodu\u00e7\u00f5es.com.br\/wp-content\/uploads\/2025\/03\/IMG_0428-768x885.jpeg 768w\" sizes=\"(max-width: 800px) 100vw, 800px\" \/>\t\t\t\t\t\t\t\t\t\t\t\t\t\t\t<\/p>\n<h2><b>JO\u00c3O<\/b> FELIPE <b>SHINAGAWA<\/b><\/h2>\n<h2><u>VEM<\/u> <b>FALAR<\/b><\/h2>\n<h2><u>COM<\/u> <b>A GENTE<u>!<\/u><\/b><\/h2>\n<form id=\"wpforms-form-872\" data-formid=\"872\" method=\"post\" enctype=\"multipart\/form-data\" action=\"\/wp-admin\/admin-ajax.php\" data-token=\"45dc74cf0d9a032bf1658b1dde5fbd24\" data-token-time=\"1767011304\"><noscript>Ative o JavaScript no seu navegador para preencher este formul\u00e1rio.<\/noscript>Ative o JavaScript no seu navegador para preencher este formul\u00e1rio.<label for=\"wpforms-872-field_1\">Qual seu nome? *<\/label><input type=\"text\" id=\"wpforms-872-field_1\" name=\"wpforms[fields][1]\" aria-errormessage=\"wpforms-872-field_1-error\" required><label for=\"wpforms-872-field_2\">E o seu E-mail ? *<\/label><input type=\"email\" id=\"wpforms-872-field_2\" name=\"wpforms[fields][2]\" spellcheck=\"false\" aria-errormessage=\"wpforms-872-field_2-error\" required><label for=\"wpforms-872-field_4\">Whatsapp<\/label><input type=\"number\" id=\"wpforms-872-field_4\" name=\"wpforms[fields][4]\" step=\"any\" aria-errormessage=\"wpforms-872-field_4-error\" ><label for=\"wpforms-872-field_3\">Fale sobre o seu projeto:<\/label><textarea id=\"wpforms-872-field_3\" name=\"wpforms[fields][3]\" aria-errormessage=\"wpforms-872-field_3-error\" ><\/textarea><!-- .wpforms-field-container --><input type=\"hidden\" name=\"wpforms[id]\" value=\"872\">\t\t\t<input\n\t\t\t\ttype=\"hidden\"\n\t\t\t\tname=\"wpforms[nonce]\"\n\t\t\t\tvalue=\"e73e75309b\"\n\t\t\t\/><br \/>\n\t\t\t<input type=\"hidden\" name=\"page_title\" value=\"{page_title}\"><input type=\"hidden\" name=\"page_url\" value=\"http:\/\/page_url\"><input type=\"hidden\" name=\"url_referer\" value=\"http:\/\/url_referer\"><button type=\"submit\" name=\"wpforms[submit]\" id=\"wpforms-submit-872\" data-alt-text=\"Enviando\u2026\" data-submit-text=\"Enviar\" aria-live=\"assertive\" value=\"wpforms-submit\">Enviar<\/button><img loading=\"lazy\" decoding=\"async\" src=\"https:\/\/shinagawaprodu\u00e7\u00f5es.com.br\/wp-content\/plugins\/wpforms-lite\/assets\/images\/submit-spin.svg\" style=\"display: none;\" width=\"26\" height=\"26\" alt=\"Carregando\"><\/form>\n<p>  <!-- .wpforms-container --><br \/>\n\t\t\t\t\t\t\t\t\t\t\t\t\t\t\t<img loading=\"lazy\" decoding=\"async\" width=\"800\" height=\"800\" src=\"https:\/\/shinagawaprodu\u00e7\u00f5es.com.br\/wp-content\/uploads\/2025\/03\/Sem-nome-1920-x-1920-px-1024x1024.png\" alt=\"\" srcset=\"https:\/\/shinagawaprodu\u00e7\u00f5es.com.br\/wp-content\/uploads\/2025\/03\/Sem-nome-1920-x-1920-px-1024x1024.png 1024w, https:\/\/shinagawaprodu\u00e7\u00f5es.com.br\/wp-content\/uploads\/2025\/03\/Sem-nome-1920-x-1920-px-300x300.png 300w, https:\/\/shinagawaprodu\u00e7\u00f5es.com.br\/wp-content\/uploads\/2025\/03\/Sem-nome-1920-x-1920-px-100x100.png 100w, https:\/\/shinagawaprodu\u00e7\u00f5es.com.br\/wp-content\/uploads\/2025\/03\/Sem-nome-1920-x-1920-px-600x600.png 600w, https:\/\/shinagawaprodu\u00e7\u00f5es.com.br\/wp-content\/uploads\/2025\/03\/Sem-nome-1920-x-1920-px-150x150.png 150w, https:\/\/shinagawaprodu\u00e7\u00f5es.com.br\/wp-content\/uploads\/2025\/03\/Sem-nome-1920-x-1920-px-768x768.png 768w, https:\/\/shinagawaprodu\u00e7\u00f5es.com.br\/wp-content\/uploads\/2025\/03\/Sem-nome-1920-x-1920-px-1536x1536.png 1536w, https:\/\/shinagawaprodu\u00e7\u00f5es.com.br\/wp-content\/uploads\/2025\/03\/Sem-nome-1920-x-1920-px.png 1920w\" sizes=\"(max-width: 800px) 100vw, 800px\" \/>\t\t\t\t\t\t\t\t\t\t\t\t\t\t\t<\/p>\n<h2>Contatos:<\/p>\n<p><b>Shinagawaproducoes@gmail.com<\/b><\/p>\n<p><b>55+(22)98805-6379<\/b><\/h2>\n<p><b>Cardoso Moreira\/RJ.<\/b><\/p>\n<p>CEP 28180-000<\/p>\n<p>\t\t\t\t\t<a href=\"http:\/\/Wa.me\/5522988056379\" target=\"_blank\"><br \/>\n\t\t\t\t\t\tWhatsapp<br \/>\n\t\t\t\t\t\t<svg aria-hidden=\"true\" viewBox=\"0 0 448 512\" xmlns=\"http:\/\/www.w3.org\/2000\/svg\"><path d=\"M380.9 97.1C339 55.1 283.2 32 223.9 32c-122.4 0-222 99.6-222 222 0 39.1 10.2 77.3 29.6 111L0 480l117.7-30.9c32.4 17.7 68.9 27 106.1 27h.1c122.3 0 224.1-99.6 224.1-222 0-59.3-25.2-115-67.1-157zm-157 341.6c-33.2 0-65.7-8.9-94-25.7l-6.7-4-69.8 18.3L72 359.2l-4.4-7c-18.5-29.4-28.2-63.3-28.2-98.2 0-101.7 82.8-184.5 184.6-184.5 49.3 0 95.6 19.2 130.4 54.1 34.8 34.9 56.2 81.2 56.1 130.5 0 101.8-84.9 184.6-186.6 184.6zm101.2-138.2c-5.5-2.8-32.8-16.2-37.9-18-5.1-1.9-8.8-2.8-12.5 2.8-3.7 5.6-14.3 18-17.6 21.8-3.2 3.7-6.5 4.2-12 1.4-32.6-16.3-54-29.1-75.5-66-5.7-9.8 5.7-9.1 16.3-30.3 1.8-3.7.9-6.9-.5-9.7-1.4-2.8-12.5-30.1-17.1-41.2-4.5-10.8-9.1-9.3-12.5-9.5-3.2-.2-6.9-.2-10.6-.2-3.7 0-9.7 1.4-14.8 6.9-5.1 5.6-19.4 19-19.4 46.3 0 27.3 19.9 53.7 22.6 57.4 2.8 3.7 39.1 59.7 94.8 83.8 35.2 15.2 49 16.5 66.6 13.9 10.7-1.6 32.8-13.4 37.4-26.4 4.6-13 4.6-24.1 3.2-26.4-1.3-2.5-5-3.9-10.5-6.6z\"><\/path><\/svg>\t\t\t\t\t<\/a><br \/>\n\t\t\t\t\t<a href=\"https:\/\/youtube.com\/@frogfilms5858?si=WdGo_GoCnHiFmWUw\" target=\"_blank\"><br \/>\n\t\t\t\t\t\tYoutube<br \/>\n\t\t\t\t\t\t<svg aria-hidden=\"true\" viewBox=\"0 0 576 512\" xmlns=\"http:\/\/www.w3.org\/2000\/svg\"><path d=\"M549.655 124.083c-6.281-23.65-24.787-42.276-48.284-48.597C458.781 64 288 64 288 64S117.22 64 74.629 75.486c-23.497 6.322-42.003 24.947-48.284 48.597-11.412 42.867-11.412 132.305-11.412 132.305s0 89.438 11.412 132.305c6.281 23.65 24.787 41.5 48.284 47.821C117.22 448 288 448 288 448s170.78 0 213.371-11.486c23.497-6.321 42.003-24.171 48.284-47.821 11.412-42.867 11.412-132.305 11.412-132.305s0-89.438-11.412-132.305zm-317.51 213.508V175.185l142.739 81.205-142.739 81.201z\"><\/path><\/svg>\t\t\t\t\t<\/a><br \/>\n\t\t\t\t\t<a href=\"https:\/\/www.instagram.com\/shinaprod?utm_source=ig_web_button_share_sheet&#038;igsh=ZDNlZDc0MzIxNw==\" target=\"_blank\"><br \/>\n\t\t\t\t\t\tInstagram<br \/>\n\t\t\t\t\t\t<svg aria-hidden=\"true\" viewBox=\"0 0 448 512\" xmlns=\"http:\/\/www.w3.org\/2000\/svg\"><path d=\"M224.1 141c-63.6 0-114.9 51.3-114.9 114.9s51.3 114.9 114.9 114.9S339 319.5 339 255.9 287.7 141 224.1 141zm0 189.6c-41.1 0-74.7-33.5-74.7-74.7s33.5-74.7 74.7-74.7 74.7 33.5 74.7 74.7-33.6 74.7-74.7 74.7zm146.4-194.3c0 14.9-12 26.8-26.8 26.8-14.9 0-26.8-12-26.8-26.8s12-26.8 26.8-26.8 26.8 12 26.8 26.8zm76.1 27.2c-1.7-35.9-9.9-67.7-36.2-93.9-26.2-26.2-58-34.4-93.9-36.2-37-2.1-147.9-2.1-184.9 0-35.8 1.7-67.6 9.9-93.9 36.1s-34.4 58-36.2 93.9c-2.1 37-2.1 147.9 0 184.9 1.7 35.9 9.9 67.7 36.2 93.9s58 34.4 93.9 36.2c37 2.1 147.9 2.1 184.9 0 35.9-1.7 67.7-9.9 93.9-36.2 26.2-26.2 34.4-58 36.2-93.9 2.1-37 2.1-147.8 0-184.8zM398.8 388c-7.8 19.6-22.9 34.7-42.6 42.6-29.5 11.7-99.5 9-132.1 9s-102.7 2.6-132.1-9c-19.6-7.8-34.7-22.9-42.6-42.6-11.7-29.5-9-99.5-9-132.1s-2.6-102.7 9-132.1c7.8-19.6 22.9-34.7 42.6-42.6 29.5-11.7 99.5-9 132.1-9s102.7-2.6 132.1 9c19.6 7.8 34.7 22.9 42.6 42.6 11.7 29.5 9 99.5 9 132.1s2.7 102.7-9 132.1z\"><\/path><\/svg>\t\t\t\t\t<\/a><\/p>\n","protected":false},"excerpt":{"rendered":"<p>Capture. Crie. Inspire. Eternize. Sua PRODUTORA de Audiovisual. H\u00e1 mais de uma d\u00e9cada atuando em diferentes setores da produ\u00e7\u00e3o audiovisual. Mais de 50 eventos por ano. Exposi\u00e7\u00f5es internacionais, institucionais, setores p\u00fablicos e privados, casamentos, anivers\u00e1rios e ensaios profissionais. Nossa criatividade n\u00e3o tem limite. PRODU\u00c7\u00d5ES APAIXONE-SE COMEMORE DIVULGUE QUER VER MAIS ? S\u00d3 CLICAR. Youtube Instagram [&hellip;]<\/p>\n","protected":false},"author":1,"featured_media":0,"parent":0,"menu_order":0,"comment_status":"closed","ping_status":"closed","template":"elementor_canvas","meta":{"_uag_custom_page_level_css":"","footnotes":""},"class_list":["post-855","page","type-page","status-publish","hentry"],"uagb_featured_image_src":{"full":false,"thumbnail":false,"medium":false,"medium_large":false,"large":false,"1536x1536":false,"2048x2048":false,"woocommerce_thumbnail":false,"woocommerce_single":false,"woocommerce_gallery_thumbnail":false},"uagb_author_info":{"display_name":"joaofelipeshinagawa@gmail.com","author_link":"https:\/\/shinagawaprodu\u00e7\u00f5es.com.br\/?author=1"},"uagb_comment_info":0,"uagb_excerpt":"Capture. Crie. Inspire. Eternize. Sua PRODUTORA de Audiovisual. H\u00e1 mais de uma d\u00e9cada atuando em diferentes setores da produ\u00e7\u00e3o audiovisual. Mais de 50 eventos por ano. Exposi\u00e7\u00f5es internacionais, institucionais, setores p\u00fablicos e privados, casamentos, anivers\u00e1rios e ensaios profissionais. Nossa criatividade n\u00e3o tem limite. PRODU\u00c7\u00d5ES APAIXONE-SE COMEMORE DIVULGUE QUER VER MAIS ? S\u00d3 CLICAR. Youtube Instagram&hellip;","_links":{"self":[{"href":"https:\/\/shinagawaprodu\u00e7\u00f5es.com.br\/index.php?rest_route=\/wp\/v2\/pages\/855","targetHints":{"allow":["GET"]}}],"collection":[{"href":"https:\/\/shinagawaprodu\u00e7\u00f5es.com.br\/index.php?rest_route=\/wp\/v2\/pages"}],"about":[{"href":"https:\/\/shinagawaprodu\u00e7\u00f5es.com.br\/index.php?rest_route=\/wp\/v2\/types\/page"}],"author":[{"embeddable":true,"href":"https:\/\/shinagawaprodu\u00e7\u00f5es.com.br\/index.php?rest_route=\/wp\/v2\/users\/1"}],"replies":[{"embeddable":true,"href":"https:\/\/shinagawaprodu\u00e7\u00f5es.com.br\/index.php?rest_route=%2Fwp%2Fv2%2Fcomments&post=855"}],"version-history":[{"count":233,"href":"https:\/\/shinagawaprodu\u00e7\u00f5es.com.br\/index.php?rest_route=\/wp\/v2\/pages\/855\/revisions"}],"predecessor-version":[{"id":1426,"href":"https:\/\/shinagawaprodu\u00e7\u00f5es.com.br\/index.php?rest_route=\/wp\/v2\/pages\/855\/revisions\/1426"}],"wp:attachment":[{"href":"https:\/\/shinagawaprodu\u00e7\u00f5es.com.br\/index.php?rest_route=%2Fwp%2Fv2%2Fmedia&parent=855"}],"curies":[{"name":"wp","href":"https:\/\/api.w.org\/{rel}","templated":true}]}}